{"id":77,"date":"2025-05-19T15:45:52","date_gmt":"2025-05-19T13:45:52","guid":{"rendered":"https:\/\/mojprvipr.com\/rs\/?page_id=77"},"modified":"2025-06-02T14:47:43","modified_gmt":"2025-06-02T12:47:43","slug":"politika-kolacica","status":"publish","type":"page","link":"https:\/\/mojprvipr.com\/rs\/politika-kolacica\/","title":{"rendered":"Politika kola\u010di\u0107a"},"content":{"rendered":"\n<p><strong>PRIKUPLJANJE INFORMACIJA SA VA\u0160EG URE\u0110AJA PUTEM KOLA\u010cI\u0106A, PIKSELA, TAGOVA I DRUGIH SLI\u010cNIH TEHNOLO\u0160KIH RE\u0160ENJA NA NA\u0160OJ MRE\u017dNOJ STRANICI (OBAVE\u0160TENJE O KOLA\u010cI\u0106IMA)<\/strong><\/p>\n\n\n\n<p>Prilikom posete adidas stranici, u va\u0161 pregleda\u010d skladi\u0161timo prikuplja\u010de podataka kao \u0161to su, na primer, kola\u010di\u0107i, tagovi, pikseli, kontejneri za tagove i pratilice, kako bismo prikupili odre\u0111ene informacije o va\u0161oj aktuelnoj sesiji pregledavanja stranice. Navedena tehnolo\u0161ka re\u0161enja se na drugim sajtovima \u010desto nazivaju i kola\u010di\u0107ima. Osim toga, kola\u010di\u0107i omogu\u0107avaju na\u0161oj stranici da na odre\u0111eno vremensko razdoblje zapamti va\u0161e aktivnosti i preferencije (kao \u0161to su prijava, jezik, veli\u010dina fonta i ostala li\u010dna pode\u0161avanja), kako ih ne biste morali ponovo unositi svaki put kada posetite stranicu ili pregledate sadr\u017eaj dostupan na njoj. Kola\u010di\u0107e koristimo u vi\u0161e razli\u010ditih svrha, \u0161to zna\u010di da imaju razli\u010dite pravne osnove. Molimo vas da pogledate slede\u0107e informacije kako biste razumeli na koji na\u010din koristimo razli\u010dite vrste kola\u010di\u0107a u razli\u010dite svrhe.<\/p>\n\n\n\n<p><strong>OBRADA<\/strong><\/p>\n\n\n\n<p><strong>OBAVEZNI \u2013 funkcionalnost i performanse stranice<\/strong><\/p>\n\n\n\n<p>Obavezne kola\u010di\u0107e koristimo da bi na\u0161a stranica mogla da funkcioni\u0161e. Njihova upotreba uklju\u010duje skladi\u0161tenje jedinstvenog identifikatora kako bismo vas prepoznali kao jedinstvenog posetioca na\u0161e stranice i obezbedili vam doslednu i ta\u010dnu uslugu. Na primer, to zna\u010di da pamtimo proizvode koje ste stavili u svoju korpu ili jezik koji ste izabrali. Obavezni kola\u010di\u0107i \u010duvaju se tokom trajanja va\u0161e sesije pregledavanja. Bez ovih kola\u010di\u0107a ne\u0107ete mo\u0107i pravilno da koristite na\u0161u stranicu.<\/p>\n\n\n\n<p><strong>PRAVNA OSNOVA<\/strong><\/p>\n\n\n\n<p>Legitiman interes<\/p>\n\n\n\n<p><strong>OBRADA<\/strong><\/p>\n\n\n\n<p><strong>Internet analitika<\/strong> \u2014 na osnovu va\u0161eg pona\u0161anja tokom pregledanja stranice, analizira\u0107emo podatke i tako unaprediti funkcionalnost i dizajn stranice.<\/p>\n\n\n\n<p><strong>Stopa odgovora na oglase<\/strong> \u2014 na osnovu u\u010destalosti va\u0161ih poseta, meri\u0107emo stopu odgovora na na\u0161e oglase analizom klikova kako bismo pobolj\u0161ali efikasnost oglasa kupljenih na eksternim platformama.<\/p>\n\n\n\n<p><strong>Povezano pra\u0107enje<\/strong> \u2014 odre\u0111enim marketin\u0161kim partnerima prosledi\u0107emo informacije ako ste posetili na\u0161u stranicu i kupili proizvode nakon posete njihovom sajtu. Ovo je neophodno jer im mo\u017eda moramo platiti za te usluge. U tu svrhu podeli\u0107emo informacije o va\u0161oj poseti i kupljenim proizvodima.<\/p>\n\n\n\n<p><strong>Upravljanje gre\u0161kama<\/strong> \u2014 merimo gre\u0161ke na sajtu kako bismo mogli brzo da re\u0161imo bilo kakve probleme.<\/p>\n\n\n\n<p><strong>Testiranje dizajna<\/strong> \u2014 A\/B testiranje ili multivarijantno testiranje koristimo kako bismo postigli dosledan izgled i korisni\u010dko iskustvo tokom sada\u0161njih i budu\u0107ih sesija.<\/p>\n\n\n\n<p><strong>PRAVNA OSNOVA<\/strong><\/p>\n\n\n\n<p>Legitiman interes<\/p>\n\n\n\n<p><strong>OBRADA<\/strong><\/p>\n\n\n\n<p><strong>MARKETING<\/strong> \u2013 marketin\u0161ke kola\u010di\u0107e koje dobijamo od na\u0161ih ogla\u0161iva\u010dkih partnera koristimo kako bismo osigurali da vam se reklame prikazuju u pravo vreme i na pravom mestu. Ovi kola\u010di\u0107i su dugotrajni, ali vremenski ograni\u010deni. Tako\u0111e sadr\u017ee jedinstveni klju\u010d koji omogu\u0107ava razlikovanje pona\u0161anja korisnika na sajtu. Pored toga, kola\u010di\u0107e koristimo da ograni\u010dimo broj prikazivanja odre\u0111enog oglasa i merimo efikasnost kampanja. Identifikatore u tim kola\u010di\u0107ima obezbe\u0111uju na\u0161i partneri, a mi ih ne mo\u017eemo koristiti u na\u0161im sistemima. Kola\u010di\u0107e koristimo i da vam ponudimo oglase relevantne za va\u0161u trenutnu lokaciju \u2013 na primer, da vas obavestimo o najbli\u017eoj prodavnici koja ima tra\u017eeni proizvod.<\/p>\n\n\n\n<p><strong>PRAVNA OSNOVA<\/strong><\/p>\n\n\n\n<p>Saglasnost<\/p>\n\n\n\n<p><strong>KATEGORIJE LI\u010cNIH PODATAKA<\/strong><\/p>\n\n\n\n<ul class=\"wp-block-list\">\n<li>Informacije o ure\u0111aju<\/li>\n\n\n\n<li>Informacije o lokaciji<\/li>\n\n\n\n<li>Informacije o pona\u0161anju i profilu: prikupljene posmatranjem va\u0161eg pona\u0161anja na sajtu<\/li>\n\n\n\n<li>Informacije o preferencijama (ako su dostupne adidasu)<\/li>\n<\/ul>\n\n\n\n<p><strong>PERIOD \u010cUVANJA<\/strong><\/p>\n\n\n\n<p>Kola\u010di\u0107i, pikseli, tagovi i sli\u010dna tehnolo\u0161ka re\u0161enja koja koristimo za prikupljanje podataka o va\u0161em ure\u0111aju i pona\u0161anju \u010duvaju se u va\u0161em pregleda\u010du tokom sesije ili dok ih ne obri\u0161ete u pode\u0161avanjima pregleda\u010da. Podaci prikupljeni za druge svrhe bi\u0107e \u010duvani dok te svrhe ne budu ostvarene.<\/p>\n\n\n\n<p><strong>KATEGORIJE PRIMALACA<\/strong><\/p>\n\n\n\n<ul class=\"wp-block-list\">\n<li>adidas kontrolori podataka \u2013 filijale i povezane kompanije adidas AG<\/li>\n\n\n\n<li>pru\u017eaoci podr\u0161ke za administraciju sajta<\/li>\n\n\n\n<li>pru\u017eaoci poslovnog savetovanja<\/li>\n\n\n\n<li>pru\u017eaoci re\u0161enja za analitiku podataka<\/li>\n\n\n\n<li>partnerske marketin\u0161ke agencije<\/li>\n\n\n\n<li>platforme dru\u0161tvenih mre\u017ea<\/li>\n\n\n\n<li>pru\u017eaoci ciljanih marketin\u0161kih usluga<\/li>\n<\/ul>\n\n\n\n<p>Mo\u017eete promeniti pode\u0161avanja va\u0161eg pregleda\u010da kako biste izbrisali odre\u0111ene kola\u010di\u0107e ili spre\u010dili njihovo \u010duvanje na va\u0161 ure\u0111aj bez va\u0161e izri\u010dite saglasnosti. U odeljku Pomo\u0107 va\u0161eg pregleda\u010da trebalo bi da prona\u0111ete informacije o upravljanju kola\u010di\u0107ima. Pogledajte kako funkcioni\u0161e na va\u0161em pregleda\u010du:<\/p>\n\n\n\n<ul class=\"wp-block-list\">\n<li>Internet Explorer: <a href=\"https:\/\/support.microsoft.com\/help\/17442\/windows-internet-explorer-delete-manage-cookies\">https:\/\/support.microsoft.com\/help\/17442\/windows-internet-explorer-delete-manage-cookies<\/a><\/li>\n\n\n\n<li>Mozilla Firefox: <a href=\"http:\/\/support.mozilla.com\/en-US\/kb\/Cookies\">http:\/\/support.mozilla.com\/en-US\/kb\/Cookies<\/a><\/li>\n\n\n\n<li>Google Chrome: <a href=\"http:\/\/www.google.com\/support\/chrome\/bin\/answer.py?hl=en&amp;answer=95647\">http:\/\/www.google.com\/support\/chrome\/bin\/answer.py?hl=en&amp;answer=95647<\/a><\/li>\n\n\n\n<li>Safari: <a href=\"http:\/\/support.apple.com\/kb\/PH5042\">http:\/\/support.apple.com\/kb\/PH5042<\/a><\/li>\n\n\n\n<li>Opera: <a href=\"http:\/\/www.opera.com\/browser\/tutorials\/security\/privacy\/\">http:\/\/www.opera.com\/browser\/tutorials\/security\/privacy\/<\/a><\/li>\n\n\n\n<li>Adobe (flash kola\u010di\u0107i): <a href=\"http:\/\/www.adobe.com\/privacy\/policies\/flash-player.html\">http:\/\/www.adobe.com\/privacy\/policies\/flash-player.html<\/a><\/li>\n\n\n\n<li>Google Chrome App: <a href=\"https:\/\/support.google.com\/accounts\/answer\/61416?co=GENIE.Platform%3DAndroid&amp;hl=en\">https:\/\/support.google.com\/accounts\/answer\/61416?co=GENIE.Platform%3DAndroid&amp;hl=en<\/a><\/li>\n<\/ul>\n\n\n\n<p>Slede\u0107e stranice mogu vam pomo\u0107i da razumete kako funkcioni\u0161e ogla\u0161avanje zasnovano na kola\u010di\u0107ima i kako da upravljate pode\u0161avanjima:<\/p>\n\n\n\n<ul class=\"wp-block-list\">\n<li><a href=\"http:\/\/www.aboutads.info\/choices\">http:\/\/www.aboutads.info\/choices<\/a><\/li>\n\n\n\n<li><a href=\"http:\/\/www.youronlinechoices.eu\/\">http:\/\/www.youronlinechoices.eu\/<\/a><\/li>\n\n\n\n<li>NAI stranica za isklju\u010denje: <a href=\"http:\/\/optout.networkadvertising.org\/?c=1\">http:\/\/optout.networkadvertising.org\/?c=1<\/a><\/li>\n\n\n\n<li>Vi\u0161e o zakonima koji reguli\u0161u kori\u0161\u0107enje kola\u010di\u0107a: <a href=\"http:\/\/ec.europa.eu\/ipg\/basics\/legal\/cookies\/index_en.htm\">http:\/\/ec.europa.eu\/ipg\/basics\/legal\/cookies\/index_en.htm<\/a><\/li>\n<\/ul>\n\n\n\n<p>Za vi\u0161e informacija po\u0161aljite e-poruku na: <a href=\"mailto:adidasPrivacy@adidas.com\">adidasPrivacy@adidas.com<\/a><\/p>\n\n\n\n<p>Na ovoj stranici koristimo slede\u0107e analiti\u010dke i funkcionalne kola\u010di\u0107e:<\/p>\n\n\n\n<p><strong>_ga<\/strong><br>Google Analytics \u2013 pra\u0107enje korisni\u010dkog pona\u0161anja; koristi se za razlikovanje korisnika<br>Analiti\u010dki kola\u010di\u0107; trajanje: 2 godine<\/p>\n\n\n\n<p><strong>_gid<\/strong><br>Google Analytics \u2013 pra\u0107enje korisni\u010dkog pona\u0161anja; koristi se za identifikaciju korisnika<br>Analiti\u010dki kola\u010di\u0107; trajanje: 24 sata<\/p>\n\n\n\n<p><strong>cookie_adidas<\/strong><br>Pra\u0107enje korisni\u010dke interakcije sa kola\u010di\u0107 banerom pri prvoj poseti sajtu<br>Funkcionalni kola\u010di\u0107; trajanje: 30 dana<\/p>\n","protected":false},"excerpt":{"rendered":"<p>PRIKUPLJANJE INFORMACIJA SA VA\u0160EG URE\u0110AJA PUTEM KOLA\u010cI\u0106A, PIKSELA, TAGOVA I DRUGIH SLI\u010cNIH TEHNOLO\u0160KIH RE\u0160ENJA NA NA\u0160OJ MRE\u017dNOJ STRANICI (OBAVE\u0160TENJE O KOLA\u010cI\u0106IMA) Prilikom posete adidas stranici, u va\u0161 pregleda\u010d skladi\u0161timo prikuplja\u010de podataka kao \u0161to su, na primer, kola\u010di\u0107i, tagovi, pikseli, kontejneri za tagove i pratilice, kako bismo prikupili odre\u0111ene informacije o va\u0161oj aktuelnoj sesiji pregledavanja stranice. [&hellip;]<\/p>\n","protected":false},"author":1,"featured_media":0,"parent":0,"menu_order":0,"comment_status":"closed","ping_status":"closed","template":"","meta":{"footnotes":""},"class_list":["post-77","page","type-page","status-publish","hentry"],"_links":{"self":[{"href":"https:\/\/mojprvipr.com\/rs\/wp-json\/wp\/v2\/pages\/77","targetHints":{"allow":["GET"]}}],"collection":[{"href":"https:\/\/mojprvipr.com\/rs\/wp-json\/wp\/v2\/pages"}],"about":[{"href":"https:\/\/mojprvipr.com\/rs\/wp-json\/wp\/v2\/types\/page"}],"author":[{"embeddable":true,"href":"https:\/\/mojprvipr.com\/rs\/wp-json\/wp\/v2\/users\/1"}],"replies":[{"embeddable":true,"href":"https:\/\/mojprvipr.com\/rs\/wp-json\/wp\/v2\/comments?post=77"}],"version-history":[{"count":2,"href":"https:\/\/mojprvipr.com\/rs\/wp-json\/wp\/v2\/pages\/77\/revisions"}],"predecessor-version":[{"id":149,"href":"https:\/\/mojprvipr.com\/rs\/wp-json\/wp\/v2\/pages\/77\/revisions\/149"}],"wp:attachment":[{"href":"https:\/\/mojprvipr.com\/rs\/wp-json\/wp\/v2\/media?parent=77"}],"curies":[{"name":"wp","href":"https:\/\/api.w.org\/{rel}","templated":true}]}}